{"id":275,"date":"2022-02-18T17:42:29","date_gmt":"2022-02-18T17:42:29","guid":{"rendered":"https:\/\/kekkan-biologics.com\/?page_id=275"},"modified":"2022-02-18T17:48:29","modified_gmt":"2022-02-18T17:48:29","slug":"news-and-events","status":"publish","type":"page","link":"https:\/\/kekkan-biologics.com\/index.php\/news-and-events\/","title":{"rendered":"News and Events"},"content":{"rendered":"\n<h2 class=\"has-secondary-color has-text-color eplus-wrapper wp-block-heading\" id=\"obtained-prizes\">Obtained Prizes<\/h2>\n\n\n<div class=\"wp-block-columns are-vertically-aligned-center eplus-wrapper is-layout-flex wp-container-core-columns-is-layout-1 wp-block-columns-is-layout-flex eplus-styles-uid-3478ae\"><div class=\"wp-block-column is-vertically-aligned-center eplus-wrapper is-layout-flow wp-block-column-is-layout-flow eplus-styles-uid-e36a9c\">\n<div class=\"wp-block-image eplus-wrapper\"><figure class=\"aligncenter\"><img decoding=\"async\" src=\"https:\/\/www.mypharma-editions.com\/wordpress\/wp-content\/uploads\/2019\/10\/2019-10-23_152751.jpg\" alt=\"Amgen France lance le programme d'investissement \u00ab Amgen Innovations \u00bb  MyPharma Editions | L'Info Industrie &amp; Politique de Sant\u00e9\"><\/figure><\/div>\n<\/div>\n\n<div class=\"wp-block-column is-vertically-aligned-center eplus-wrapper is-layout-flow wp-block-column-is-layout-flow eplus-styles-uid-320d59\">\n<div class=\"wp-block-image eplus-wrapper\"><figure class=\"aligncenter size-full\"><img loading=\"lazy\" decoding=\"async\" width=\"269\" height=\"187\" src=\"https:\/\/kekkan-biologics.com\/wp-content\/uploads\/2022\/02\/image-4.png\" alt=\"\" class=\"wp-image-276\"><\/figure><\/div>\n<\/div>\n\n<div class=\"wp-block-column is-vertically-aligned-center eplus-wrapper is-layout-flow wp-block-column-is-layout-flow eplus-styles-uid-320d59\">\n<div class=\"wp-block-image eplus-wrapper\"><figure class=\"aligncenter is-resized\"><img loading=\"lazy\" decoding=\"async\" src=\"https:\/\/www.canceropole-clara.com\/wp-content\/uploads\/2021\/02\/Ruban-rose-cancerdusein.org_.png\" alt=\"Prix Ruban Rose 2021 - Canc\u00e9rop\u00f4le Lyon Auvergne Rh\u00f4ne-Alpes \u2013 CLARA\" width=\"271\" height=\"89\"><\/figure><\/div>\n<\/div><\/div>\n\n<div class=\"wp-block-columns are-vertically-aligned-top eplus-wrapper is-layout-flex wp-container-core-columns-is-layout-2 wp-block-columns-is-layout-flex eplus-styles-uid-c4af24\">\n<div class=\"wp-block-column is-vertically-aligned-top eplus-wrapper is-layout-flow wp-block-column-is-layout-flow\">\n<p class=\"has-text-align-center has-foreground-color has-text-color eplus-wrapper\">Prix Innovation Amgen <\/p>\n\n\n\n<p class=\"has-text-align-center has-primary-color has-text-color has-large-font-size eplus-wrapper\">2021<\/p>\n<\/div>\n\n\n\n<div class=\"wp-block-column is-vertically-aligned-top eplus-wrapper is-layout-flow wp-block-column-is-layout-flow\">\n<p class=\"has-text-align-center eplus-wrapper\">Prix Prince Albert Premier de l\u2019Acad\u00e9mie Nationale de M\u00e9decine<\/p>\n\n\n\n<p class=\"has-text-align-center has-primary-color has-text-color has-large-font-size eplus-wrapper\">2018<\/p>\n<\/div>\n\n\n\n<div class=\"wp-block-column is-vertically-aligned-top eplus-wrapper is-layout-flow wp-block-column-is-layout-flow\">\n<p class=\"has-text-align-center eplus-wrapper\">Grand Prix Ruban Rose <\/p>\n\n\n\n<p class=\"has-text-align-center has-primary-color has-text-color has-large-font-size eplus-wrapper\">2015<\/p>\n<\/div>\n<\/div>\n\n\n<p class=\" eplus-wrapper\"><\/p>\n","protected":false},"excerpt":{"rendered":"<p>Obtained Prizes Prix Innovation Amgen 2021 Prix Prince Albert Premier de l\u2019Acad\u00e9mie Nationale de M\u00e9decine 2018 Grand Prix Ruban Rose 2015<\/p>\n","protected":false},"author":1,"featured_media":0,"parent":0,"menu_order":0,"comment_status":"closed","ping_status":"closed","template":"page-large-header","meta":{"editor_plus_copied_stylings":"{}","footnotes":""},"_links":{"self":[{"href":"https:\/\/kekkan-biologics.com\/index.php\/wp-json\/wp\/v2\/pages\/275"}],"collection":[{"href":"https:\/\/kekkan-biologics.com\/index.php\/wp-json\/wp\/v2\/pages"}],"about":[{"href":"https:\/\/kekkan-biologics.com\/index.php\/wp-json\/wp\/v2\/types\/page"}],"author":[{"embeddable":true,"href":"https:\/\/kekkan-biologics.com\/index.php\/wp-json\/wp\/v2\/users\/1"}],"replies":[{"embeddable":true,"href":"https:\/\/kekkan-biologics.com\/index.php\/wp-json\/wp\/v2\/comments?post=275"}],"version-history":[{"count":5,"href":"https:\/\/kekkan-biologics.com\/index.php\/wp-json\/wp\/v2\/pages\/275\/revisions"}],"predecessor-version":[{"id":298,"href":"https:\/\/kekkan-biologics.com\/index.php\/wp-json\/wp\/v2\/pages\/275\/revisions\/298"}],"wp:attachment":[{"href":"https:\/\/kekkan-biologics.com\/index.php\/wp-json\/wp\/v2\/media?parent=275"}],"curies":[{"name":"wp","href":"https:\/\/api.w.org\/{rel}","templated":true}]}}